{"id":213,"date":"2019-09-22T11:48:23","date_gmt":"2019-09-22T10:48:23","guid":{"rendered":"http:\/\/dina-ugorskaja.de\/?page_id=213"},"modified":"2025-05-04T11:17:52","modified_gmt":"2025-05-04T10:17:52","slug":"aktuelles","status":"publish","type":"page","link":"https:\/\/dina-ugorskaja.de\/en\/aktuelles\/","title":{"rendered":"News"},"content":{"rendered":"<div data-elementor-type=\"wp-page\" data-elementor-id=\"213\" class=\"elementor elementor-213\" data-elementor-settings=\"[]\">\n\t\t\t\t\t\t<div class=\"elementor-inner\">\n\t\t\t\t\t\t\t<div class=\"elementor-section-wrap\">\n\t\t\t\t\t\t\t<section class=\"elementor-section elementor-top-section elementor-element elementor-element-73baac6 elementor-section-full_width elementor-section-content-middle elementor-reverse-tablet elementor-reverse-mobile elementor-section-height-default elementor-section-height-default\" data-id=\"73baac6\" data-element_type=\"section\">\n\t\t\t\t\t\t<div class=\"elementor-container elementor-column-gap-no\">\n\t\t\t\t\t\t\t<div class=\"elementor-row\">\n\t\t\t\t\t<div class=\"elementor-column elementor-col-50 elementor-top-column elementor-element elementor-element-1af51e47\" data-id=\"1af51e47\" data-element_type=\"column\">\n\t\t\t<div class=\"elementor-column-wrap elementor-element-populated\">\n\t\t\t\t\t\t\t<div class=\"elementor-widget-wrap\">\n\t\t\t\t\t\t<div class=\"elementor-element elementor-element-cd31e95 elementor-widget elementor-widget-text-editor\" data-id=\"cd31e95\" data-element_type=\"widget\" data-widget_type=\"text-editor.default\">\n\t\t\t\t<div class=\"elementor-widget-container\">\n\t\t\t\t\t\t\t\t<div class=\"elementor-text-editor elementor-clearfix\">\n\t\t\t\t<p><span style=\"font-size: 12pt;\"><strong>Dina Ugorskaja died of cancer on September 17, 2019 in Munich.\u00a0<\/strong><\/span><\/p>\t\t\t\t\t<\/div>\n\t\t\t\t\t\t<\/div>\n\t\t\t\t<\/div>\n\t\t\t\t<div class=\"elementor-element elementor-element-b00b8b2 elementor-widget elementor-widget-text-editor\" data-id=\"b00b8b2\" data-element_type=\"widget\" data-widget_type=\"text-editor.default\">\n\t\t\t\t<div class=\"elementor-widget-container\">\n\t\t\t\t\t\t\t\t<div class=\"elementor-text-editor elementor-clearfix\">\n\t\t\t\t<p>&#8222;<a href=\"https:\/\/www.br-klassik.de\/aktuell\/news-kritik\/pianistin-dina-ugorskaja-gestorben-nachruf-100.html\" target=\"_blank\" rel=\"noopener\">Timelessness Made Audible<\/a>\u201c <br>(in German; Bavarian Radio - September 18, 2019)<\/p><p>&#8222;<a href=\"https:\/\/www.stuttgarter-zeitung.de\/inhalt.nachruf-auf-dina-ugorskaja-als-pianistin-massstaebe-gesetzt.a7f3b035-6f28-417e-965d-14d9b0167f3a.html\" target=\"_blank\" rel=\"noopener\">She Set Standards as a Pianist<\/a>\u201c <br>(in German; Stuttgarter Zeitung - September 18, 2019)<\/p><p><span style=\"letter-spacing: 0.1px;\">&#8222;<\/span><a style=\"letter-spacing: 0.1px; background-color: #000000;\" href=\"https:\/\/ionarts.blogspot.com\/2019\/09\/dina-ugorskaja-farewell.html\" target=\"_blank\" rel=\"noopener\">Dina Ugorskaja, A Farewell<\/a><span style=\"letter-spacing: 0.1px;\">\" <br>(Jens F. Laurson, September 30, 2019)<\/span><\/p>\t\t\t\t\t<\/div>\n\t\t\t\t\t\t<\/div>\n\t\t\t\t<\/div>\n\t\t\t\t<div class=\"elementor-element elementor-element-4d793ce elementor-widget elementor-widget-text-editor\" data-id=\"4d793ce\" data-element_type=\"widget\" data-widget_type=\"text-editor.default\">\n\t\t\t\t<div class=\"elementor-widget-container\">\n\t\t\t\t\t\t\t\t<div class=\"elementor-text-editor elementor-clearfix\">\n\t\t\t\t<p><span style=\"font-size: 12pt;\"><strong>NEWS<\/strong><\/span><\/p>\t\t\t\t\t<\/div>\n\t\t\t\t\t\t<\/div>\n\t\t\t\t<\/div>\n\t\t\t\t<div class=\"elementor-element elementor-element-3382144 elementor-widget elementor-widget-text-editor\" data-id=\"3382144\" data-element_type=\"widget\" data-widget_type=\"text-editor.default\">\n\t\t\t\t<div class=\"elementor-widget-container\">\n\t\t\t\t\t\t\t\t<div class=\"elementor-text-editor elementor-clearfix\">\n\t\t\t\t<p><a href=\"https:\/\/www.wsj.com\/arts-culture\/music\/dina-ugorskaja-a-pianists-profound-legacy-776e5b34\" target=\"_blank\" rel=\"noopener\">Dina Ugorskaja: A Pianist\u2019s Profound Legacy<\/a> \u2013 Tim Page, Wall Street Journal, April 28, 2025<\/p><p style=\"text-align: left;\">The remastered <a href=\"https:\/\/dina-ugorskaja.de\/en\/diskografie\/#pro#pro\" target=\"_blank\" rel=\"noopener\">new edition<\/a> of Dina Ugorskaja' first solo CD with 15 Inventions of J.S. Bach\u00a0<span style=\"letter-spacing: 0.1px; font-family: var( --e-global-typography-042fc97-font-family ); font-size: var( --e-global-typography-042fc97-font-size );\">is released<\/span><span style=\"font-family: var( --e-global-typography-042fc97-font-family ); font-size: var( --e-global-typography-042fc97-font-size ); letter-spacing: var( --e-global-typography-042fc97-letter-spacing );\">\u00a0on October 16, 2020.\u00a0<\/span><\/p><p style=\"text-align: left;\"><b style=\"font-family: var( --e-global-typography-042fc97-font-family ); font-size: var( --e-global-typography-042fc97-font-size ); letter-spacing: var( --e-global-typography-042fc97-letter-spacing );\">Press:<\/b><span style=\"font-family: var( --e-global-typography-042fc97-font-family ); font-size: var( --e-global-typography-042fc97-font-size ); letter-spacing: var( --e-global-typography-042fc97-letter-spacing );\">\u00a0&#8222;<a href=\"https:\/\/www.pizzicato.lu\/wiederveroffentlichung-einer-wertvollen-ugorskaja-aufnahme\/\" target=\"_blank\" rel=\"noopener\">Reissue of the Valuable Ugorskaja-Recording<\/a>\" (Alain Steffen for Pizzicato, November 14, 2020)<\/span><\/p><p style=\"text-align: left;\"><span style=\"font-family: var( --e-global-typography-042fc97-font-family ); font-size: var( --e-global-typography-042fc97-font-size ); letter-spacing: var( --e-global-typography-042fc97-letter-spacing );\">***<\/span><\/p><p><span style=\"font-family: var( --e-global-typography-042fc97-font-family ), Sans-serif; font-size: var( --e-global-typography-042fc97-font-size ); letter-spacing: var( --e-global-typography-042fc97-letter-spacing );\">The violin sonatas of <\/span><a style=\"font-family: var( --e-global-typography-042fc97-font-family ), Sans-serif; font-size: var( --e-global-typography-042fc97-font-size ); letter-spacing: var( --e-global-typography-042fc97-letter-spacing ); background-color: #000000;\" href=\"https:\/\/dina-ugorskaja.de\/en\/diskografie\/#pro#pro\" target=\"_blank\" rel=\"noopener\">S.Prokofiev and D.Shostakovich<\/a><span style=\"font-family: var( --e-global-typography-042fc97-font-family ), Sans-serif; font-size: var( --e-global-typography-042fc97-font-size ); letter-spacing: var( --e-global-typography-042fc97-letter-spacing );\"> (Natalia Prishepenko - violin, Dina Ugorskaja - piano) recorded 2016 in Munich have been released as remastered new edition on CAvi-Music.<\/span><\/p><p><strong>Presse<\/strong>: <a href=\"https:\/\/www.gramophone.co.uk\/review\/prokofiev-shostakovich-violin-sonatas-natalia-prishepenko\" target=\"_blank\" rel=\"noopener\">Gramophone<\/a>, <a href=\"http:\/\/www.klassik-heute.de\/4daction\/www_medien_einzeln?id=23371&amp;CDS30Tage\" target=\"_blank\" rel=\"noopener\">Klassik heute<\/a><\/p>\t\t\t\t\t<\/div>\n\t\t\t\t\t\t<\/div>\n\t\t\t\t<\/div>\n\t\t\t\t<div class=\"elementor-element elementor-element-847a629 elementor-widget elementor-widget-text-editor\" data-id=\"847a629\" data-element_type=\"widget\" data-widget_type=\"text-editor.default\">\n\t\t\t\t<div class=\"elementor-widget-container\">\n\t\t\t\t\t\t\t\t<div class=\"elementor-text-editor elementor-clearfix\">\n\t\t\t\t<p><span style=\"font-size: 12pt;\"><strong>THE LAST SOLO-RECORDING WITH WORKS OF FRANZ SCHUBERT<\/strong><\/span><\/p>\t\t\t\t\t<\/div>\n\t\t\t\t\t\t<\/div>\n\t\t\t\t<\/div>\n\t\t\t\t<div class=\"elementor-element elementor-element-ee6935c elementor-widget elementor-widget-text-editor\" data-id=\"ee6935c\" data-element_type=\"widget\" data-widget_type=\"text-editor.default\">\n\t\t\t\t<div class=\"elementor-widget-container\">\n\t\t\t\t\t\t\t\t<div class=\"elementor-text-editor elementor-clearfix\">\n\t\t\t\t<p><a href=\"https:\/\/www.br-klassik.de\/aktuell\/news-kritik\/dina-ugorskaja-pianistin-preis-deutsche-schallplattenkritik-cd-schubert-klavier-100.html\" target=\"_blank\" rel=\"noopener\">The annual German Record Critics' Award 2020<\/a> goes posthum on Dina Ugorskaja for her recording of Franz Schubert' late works.<\/p><p>On this\noccasion: <br \/><a href=\"https:\/\/www.br.de\/mediathek\/podcast\/klassik-aktuell\/gespraech-mit-falk-haefner-zum-letzten-schallplattenpreis-fuer-dina-ugorskaja\/1806888\" target=\"_blank\" rel=\"noopener\">Talk with Falk H\u00e4fner<\/a> (in German; Bavarian Classic Radio, October 7,\n2020).<\/p><p>Die Aufnahmen mit den Klavierwerken von F.Schubert und dem Klavierkonzert von J.Brahms sind f\u00fcr Opus Klassik 2020 nominiert.<\/p><p>The recording with paino works of F.Schubert won the <a href=\"https:\/\/www.icma-info.com\/2846-2\/\" target=\"_blank\" rel=\"noopener\">ICMA Classic Award 2020<\/a>.<\/p><p>\u201e<a href=\"https:\/\/feuilletonscout.com\/ein-juwel-dina-ugorskaja-spielt-schubert\/\" target=\"_blank\" rel=\"noopener\">Ein Juwel: Dina Ugorskaja spielt Schubert<\/a>\u201c \u2013 Ingobert Waltenberger, Feuilletonscout, 28. Dezember, 2020<\/p><p>\u201e<a href=\"https:\/\/crescendo.de\/dina-ugorskaja-schubert-2\/\" target=\"_blank\" rel=\"noopener\">Inne\u00adhalten &amp; R\u00fcck\u00aderin\u00adnern<\/a>\u201c (Jens Laurson f\u00fcr Crescendo, 24. Dezember 2019)<\/p><p>&#8222;<a href=\"https:\/\/www.pizzicato.lu\/die-letzte-musikalische-grostat-einer-wunderbaren-interpretin\/\" target=\"_blank\" rel=\"noopener\">The Last Great Musical Achievement of a Wonderful Performer<\/a>\"  (Alain Steffen for \"Pizzicato\", Oktober 11, 2019)<\/p><p><a style=\"font-family: var( --e-global-typography-042fc97-font-family ), Sans-serif; font-size: var( --e-global-typography-042fc97-font-size ); letter-spacing: var( --e-global-typography-042fc97-letter-spacing ); background-color: #000000;\" href=\"http:\/\/www.klassik-heute.com\/4daction\/www_medien_einzeln?id=23065\" target=\"_blank\" rel=\"noopener\">CD-Review<\/a><span style=\"font-family: var( --e-global-typography-042fc97-font-family ), Sans-serif; font-size: var( --e-global-typography-042fc97-font-size ); letter-spacing: var( --e-global-typography-042fc97-letter-spacing );\"> by Thomas Baack for klassik-heute.com, Oktober 31, 2019 (in German)<\/span><\/p><p>&#8222;<a href=\"https:\/\/www.sueddeutsche.de\/kultur\/pianistin-dina-ugorskaja-himmlische-laengen-1.4691200\" target=\"_blank\" rel=\"noopener\">Heavenly Lengths<\/a>\" (Wolfgang Schreiber for \"S\u00fcddeutsche Zeitung\", November 21, 2019) (in German)<\/p><p>&#8222;<a href=\"https:\/\/www.stuttgarter-zeitung.de\/inhalt.die-letzte-cd-der-pianistin-dina-ugorskaja-alles-schmeckt-nach-abschied.5f45aad3-d5b9-4378-b1fc-3e680328ec65.html\" target=\"_blank\" rel=\"noopener\">It All Tastes Like a Farewell<\/a>\" (Hans J\u00f6rg Wangner for \"Stuttgarter Zeitung\", Dezember 4, 2019) (in German)<\/p><p>&#8222;<a href=\"https:\/\/www.juedische-allgemeine.de\/kultur\/atem-der-existenz\/\" target=\"_blank\" rel=\"noopener\">Breath of Existence<\/a>\" (Axel Br\u00fcgemann for \"J\u00fcdische Allgemeine\", December 12, 2019) (in German)<\/p>\t\t\t\t\t<\/div>\n\t\t\t\t\t\t<\/div>\n\t\t\t\t<\/div>\n\t\t\t\t<div class=\"elementor-element elementor-element-882a7b5 elementor-widget elementor-widget-text-editor\" data-id=\"882a7b5\" data-element_type=\"widget\" data-widget_type=\"text-editor.default\">\n\t\t\t\t<div class=\"elementor-widget-container\">\n\t\t\t\t\t\t\t\t<div class=\"elementor-text-editor elementor-clearfix\">\n\t\t\t\t<p><span style=\"font-size: 12pt;\"><strong>ARCHIVE<\/strong><\/span><\/p>\t\t\t\t\t<\/div>\n\t\t\t\t\t\t<\/div>\n\t\t\t\t<\/div>\n\t\t\t\t<div class=\"elementor-element elementor-element-4ce2e0e elementor-widget elementor-widget-text-editor\" data-id=\"4ce2e0e\" data-element_type=\"widget\" data-widget_type=\"text-editor.default\">\n\t\t\t\t<div class=\"elementor-widget-container\">\n\t\t\t\t\t\t\t\t<div class=\"elementor-text-editor elementor-clearfix\">\n\t\t\t\t<p>Bavarian Radio, \"Klassik Aktuell\": <a href=\"https:\/\/www.br.de\/mediathek\/podcast\/klassik-aktuell\/interview-mit-der-pianistin-dina-ugorskaja\/1335310\" target=\"_blank\" rel=\"noopener\">Interview with Dina Ugorskaja<\/a> (November 30, 2018)<\/p><p><a href=\"https:\/\/www.deutschlandfunk.de\/kammermusikfest-spannungen-2018-ein-geburtstag-und-ein.1987.de.html?dram:article_id=432559\" target=\"_blank\" rel=\"noopener\">Live at the \u201cSpannungen\u201d Chamber Music Festival <\/a>(Hydroelectric Plant Heimbach, June 23, 2018)<\/p><p><a href=\"https:\/\/www.br-klassik.de\/themen\/klassik-entdecken\/tanja-tetzlaff-dina-ugorskaja-interview-studiokonzert-100.html\" target=\"_blank\" rel=\"noopener\">Tanja Tetzlaff and Dina Ugorskaja at the Bavarian Radio Studio Concert<\/a> (January 23, 2018)<\/p><p>\u201e<a href=\"https:\/\/crescendo.de\/dina-ugorskaja-johann-sebastian-bach\/\" target=\"_blank\" rel=\"noopener\">Archi\u00adtek\u00adto\u00adni\u00adsche Spiri\u00adtua\u00adlit\u00e4t<\/a>\u201c \u2013 Atilla Csampai zu der Einspielung des Wohltemperierten Klaviers, Crescendo, 12. Oktober 2016<\/p>\t\t\t\t\t<\/div>\n\t\t\t\t\t\t<\/div>\n\t\t\t\t<\/div>\n\t\t\t\t\t\t<\/div>\n\t\t\t\t\t<\/div>\n\t\t<\/div>\n\t\t\t\t<div class=\"elementor-column elementor-col-50 elementor-top-column elementor-element elementor-element-39d78c6\" data-id=\"39d78c6\" data-element_type=\"column\" data-settings=\"{&quot;background_background&quot;:&quot;classic&quot;}\">\n\t\t\t<div class=\"elementor-column-wrap elementor-element-populated\">\n\t\t\t\t\t<div class=\"elementor-background-overlay\"><\/div>\n\t\t\t\t\t\t\t<div class=\"elementor-widget-wrap\">\n\t\t\t\t\t\t\t\t<\/div>\n\t\t\t\t\t<\/div>\n\t\t<\/div>\n\t\t\t\t\t\t\t\t<\/div>\n\t\t\t\t\t<\/div>\n\t\t<\/section>\n\t\t\t\t\t\t<\/div>\n\t\t\t\t\t\t<\/div>\n\t\t\t\t\t<\/div>","protected":false},"excerpt":{"rendered":"<p>Dina Ugorskaja ist am 17.September 2019 in M\u00fcnchen an Krebs verstorben.\u00a0 &#8222;Die Zeitlosigkeit h\u00f6rbar gemacht&#8222;: Nachruf des Bayerischen Rundfunks &#8222;Als Pianistin Ma\u00dfst\u00e4be gesetzt&#8220; (Stuttgarter Zeitung, 18.September 2019) &#8222;Dina Ugorskaja, A Farewell&#8220; (Jens F. Laurson, 30.September 2019) AKTUELLES Dina Ugorskaja: A Pianist\u2019s Profound Legacy \u2013 Tim Page, Wall Street Journal, April 28, 2025 Die remasterte Neuauflage<\/p>\n<div><a class=\"btn-filled btn\" href=\"https:\/\/dina-ugorskaja.de\/en\/aktuelles\/\" title=\"News\">Read More<\/a><\/div>","protected":false},"author":1,"featured_media":0,"parent":0,"menu_order":0,"comment_status":"closed","ping_status":"closed","template":"elementor_header_footer","meta":[],"_links":{"self":[{"href":"https:\/\/dina-ugorskaja.de\/en\/wp-json\/wp\/v2\/pages\/213"}],"collection":[{"href":"https:\/\/dina-ugorskaja.de\/en\/wp-json\/wp\/v2\/pages"}],"about":[{"href":"https:\/\/dina-ugorskaja.de\/en\/wp-json\/wp\/v2\/types\/page"}],"author":[{"embeddable":true,"href":"https:\/\/dina-ugorskaja.de\/en\/wp-json\/wp\/v2\/users\/1"}],"replies":[{"embeddable":true,"href":"https:\/\/dina-ugorskaja.de\/en\/wp-json\/wp\/v2\/comments?post=213"}],"version-history":[{"count":125,"href":"https:\/\/dina-ugorskaja.de\/en\/wp-json\/wp\/v2\/pages\/213\/revisions"}],"predecessor-version":[{"id":852,"href":"https:\/\/dina-ugorskaja.de\/en\/wp-json\/wp\/v2\/pages\/213\/revisions\/852"}],"wp:attachment":[{"href":"https:\/\/dina-ugorskaja.de\/en\/wp-json\/wp\/v2\/media?parent=213"}],"curies":[{"name":"wp","href":"https:\/\/api.w.org\/{rel}","templated":true}]}}